{"id":1946,"date":"2021-05-12T10:22:25","date_gmt":"2021-05-12T13:22:25","guid":{"rendered":"http:\/\/chosentecnologia.com.br\/chosen\/?page_id=1946"},"modified":"2021-05-13T17:26:53","modified_gmt":"2021-05-13T20:26:53","slug":"politica-de-privacidade-2","status":"publish","type":"page","link":"http:\/\/chosentecnologia.com.br\/chosen\/index.php\/politica-de-privacidade-2\/","title":{"rendered":"Pol\u00edtica de Privacidade"},"content":{"rendered":"\t\t<div data-elementor-type=\"wp-page\" data-elementor-id=\"1946\" class=\"elementor elementor-1946\" data-elementor-settings=\"[]\">\n\t\t\t\t\t\t\t<div class=\"elementor-section-wrap\">\n\t\t\t\t\t\t\t<section class=\"elementor-section elementor-top-section elementor-element elementor-element-882d829 elementor-section-boxed elementor-section-height-default elementor-section-height-default\" data-id=\"882d829\" data-element_type=\"section\">\n\t\t\t\t\t\t<div class=\"elementor-container elementor-column-gap-default\">\n\t\t\t\t\t<div class=\"elementor-column elementor-col-100 elementor-top-column elementor-element elementor-element-32fa8d4\" data-id=\"32fa8d4\" data-element_type=\"column\">\n\t\t\t<div class=\"elementor-widget-wrap elementor-element-populated\">\n\t\t\t\t\t\t\t\t<div class=\"elementor-element elementor-element-ade4a22 elementor-widget elementor-widget-text-editor\" data-id=\"ade4a22\" data-element_type=\"widget\" data-widget_type=\"text-editor.default\">\n\t\t\t\t<div class=\"elementor-widget-container\">\n\t\t\t\t\t<div class=\"elementor-text-editor elementor-clearfix\"><p class=\"paragraph m30\"><strong><center>Pol\u00edtica de Privacidade<\/center><\/strong><br>\n<p class=\"paragraph m30\">A Chosen Tecnologia se obriga, nos termos da legisla\u00e7\u00e3o em vigor, a garantir a privacidade dos usu\u00e1rios dos seus produtos e servi\u00e7os. Esta Pol\u00edtica de Privacidade explica os processos de tratamento de dados e informa\u00e7\u00f5es pessoais da Chosen Tecnologia, descreve a forma como a Chosen Tecnologia os coleta, utiliza e descreve a finalidade de uso das informa\u00e7\u00f5es e dados.<\/p>\n<p class=\"paragraph m30\">A Chosen oferece uma v\u00e1rias solu\u00e7\u00f5es e servi\u00e7os. Deste modo, as refer\u00eancias \u00e0s Solu\u00e7\u00f5es nesta Pol\u00edtica incluem sites, aplicativos, softwares e servi\u00e7os da Chosen Tecnologia, al\u00e9m de outras plataformas por meio das quais a Chosen Tecnologia se relaciona com os usu\u00e1rios e que exibam esta Pol\u00edtica.<\/p>\n<p class=\"paragraph m30\"><strong>Aceite desta Pol\u00edtica<\/strong><\/p>\n<p class=\"paragraph m30\">O aceite aos termos desta Pol\u00edtica ocorrer\u00e1 quando voc\u00ea acessar ou usar o site, aplicativo, software, plataforma ou servi\u00e7os da Chosen Tecnologia. Ao acessar ou fazer uso de estas solu\u00e7\u00f5es e servi\u00e7os, voc\u00ea declara que est\u00e1 ciente e de acordo com os termos e condi\u00e7\u00f5es previstos neste documento. Se voc\u00ea n\u00e3o concordar com algum dos termos e condi\u00e7\u00f5es aqui previstos, voc\u00ea n\u00e3o dever\u00e1 fazer uso de qualquer produto ou servi\u00e7o da Chosen Tecnologia. Neste caso voc\u00ea poder\u00e1 entrar em contato com o Encarregado de Dados da Chosen Tecnologia atrav\u00e9s dos canais previstos de atendimento.<\/p>\n<p class=\"paragraph m30\"><strong>Prote\u00e7\u00e3o dos dados e informa\u00e7\u00f5es<\/strong><\/p>\n<p class=\"paragraph m30\">A Chosen Tecnologia est\u00e1 empenhada em garantir a prote\u00e7\u00e3o e a confidencialidade dos dados aos quais venha a ter acesso, em especial no que diz respeito aos dados pessoais e sens\u00edveis, em conformidade com os fundamentos, princ\u00edpios e disposi\u00e7\u00f5es previstas na Lei Geral de Prote\u00e7\u00e3o de Dados e a legisla\u00e7\u00e3o aplic\u00e1vel. Para isso, a Chosen Tecnologia implementou procesos de seguran\u00e7a que capacitam a empresa a proteger os dados pessoais de acessos n\u00e3o autorizados e de qualquer forma de tratamento inadequado ou il\u00edcito de dados sens\u00edveis das pessoas naturais, cujo detalhamento est\u00e1 descrito nas pol\u00edticas internas da Chosen Tecnologia.<\/p>\n<p class=\"paragraph m30\"><strong>Coleta de dados pessoais<\/strong><\/p>\n<p class=\"paragraph m30\">A Chosen Tecnologia coleta dados e informa\u00e7\u00f5es dos usu\u00e1rios das solu\u00e7\u00f5es e servi\u00e7os da Chosen Tecnologia, atrav\u00e9s das intera\u00e7\u00f5es que temos diretamente com voc\u00ea e atrav\u00e9s de nossos softwares. Voc\u00ea fornece dados e informa\u00e7\u00f5es diretamente em algumas rotinas dispon\u00edveis nas solu\u00e7\u00f5es da Chosen Tecnologia, enquanto outras informa\u00e7\u00f5es s\u00e3o obtidas ao coletarmos informa\u00e7\u00f5es e dados sobre suas intera\u00e7\u00f5es de acesso e uso e experi\u00eancias com nossas solu\u00e7\u00f5es e servi\u00e7os.<\/p>\n<p class=\"paragraph m30\">Algumas das nossas solu\u00e7\u00f5es e servi\u00e7os exigem determinadas informa\u00e7\u00f5es e dados sens\u00edveis para que a solu\u00e7\u00e3o ou o servi\u00e7o sejam implementados. Caso voc\u00ea opte por n\u00e3o disponibilizar os dados necess\u00e1rios para o fornecimento de uma solu\u00e7\u00e3o, servi\u00e7o ou recurso, voc\u00ea n\u00e3o poder\u00e1 usar tal solu\u00e7\u00e3o, servi\u00e7o ou recurso. Em alguns casos podemos precisar coletar informa\u00e7\u00f5es e dados sens\u00edveis para formalizar uma rela\u00e7\u00e3o contratual, ou para o cumprimento de uma obriga\u00e7\u00e3o legal ou tribut\u00e1ria. Se alguma destas hip\u00f3teses estiver relacionada a uma solu\u00e7\u00e3o da Chosen Tecnologia que j\u00e1 esteja sendo utilizada, a continuidade da sua utiliza\u00e7\u00e3o depender\u00e1 da aceita\u00e7\u00e3o dos termos e condi\u00e7\u00f5es previstos nesta Pol\u00edtica.<\/p>\n<p class=\"paragraph m30\"><strong>Cookies<\/strong><\/p>\n<p class=\"paragraph m30\">Algumas das solu\u00e7\u00f5es e servi\u00e7os da Chosen Tecnologia utilizam &#8220;cookies\u201d. Usamos cookies para armazenar suas prefer\u00eancias e configura\u00e7\u00f5es, fornecer an\u00fancios selecionados, analisar opera\u00e7\u00f5es, melhorar a qualidade e analisar o desempenho de nossas solu\u00e7\u00f5es, combater fraudes e atender a outras finalidades leg\u00edtimas.<\/p>\n<p class=\"paragraph m30\"><strong>Uso de dados pessoais sens\u00edveis<\/strong><\/p>\n<p class=\"paragraph m30\">A Chosen Tecnologa usa os dados que coletados para proporcionar experi\u00eancias agrad\u00e1veis aos nossos usu\u00e1rios. Especificamente, usamos dados para:<\/p>\n<p class=\"paragraph m30\">\u2022 Fornecer nossas solu\u00e7\u00f5es e prestar os nossos servi\u00e7os, incluindo as notifica\u00e7\u00f5es de uma atualiza\u00e7\u00e3o ou solu\u00e7\u00e3o de problemas, bem como o fornecimento de suporte. Isso tamb\u00e9m inclui o compartilhamento de dados, quando necess\u00e1rio para implemenatr a solu\u00e7\u00e3o, o servi\u00e7o ou realizar as transa\u00e7\u00f5es que voc\u00ea solicitar;<br>\n\u2022 Avaliar as principais caracter\u00edsticas de utiliza\u00e7\u00e3o dos nossas solu\u00e7\u00f5es e servi\u00e7os;<br>\n\u2022 Melhorar e desenvolver nossas solu\u00e7\u00f5es;<br>\n\u2022 Personalizar nossas solu\u00e7\u00f5es e fazer recomenda\u00e7\u00f5es;<br>\n\u2022 Anunciar e comercializar para voc\u00ea, incluindo o envio de comunica\u00e7\u00f5es promocionais, o direcionamento de an\u00fancios e a apresenta\u00e7\u00e3o de ofertas relevantes;<br>\n\u2022 Como parte de nossos esfor\u00e7os para manter nossas solu\u00e7\u00f5es e site seguros;<br>\n\u2022 Cumprir as obriga\u00e7\u00f5es contratuais assumidas pela Chosen Tecnologia com seus clientes e usu\u00e1rios;<br>\n\u2022 Qualquer outra finalidade autorizada pelo usu\u00e1rio ao fornecer suas informa\u00e7\u00f5es e dados pessoais.<\/p>\n<p class=\"paragraph m30\">Tamb\u00e9m usamos os dados para operar nossos neg\u00f3cios, incluindo a an\u00e1lise de nosso desempenho, o desenvolvimento de nossa for\u00e7a de trabalho e a realiza\u00e7\u00e3o de pesquisas e desenvolvimento de novas solu\u00e7\u00f5es, e ainda o cumprimento de nossas obriga\u00e7\u00f5es legais e tribut\u00e1rias.<\/p>\n<p class=\"paragraph m30\">Nosso processamento de informa\u00e7\u00f5es pessoais para essas finalidades inclui m\u00e9todos autom\u00e1ticos e manuais (humanos) de processamento, sempre de acordo com as leis vigentes . Nossos m\u00e9todos automatizados s\u00e3o muitas vezes relacionados a solu\u00e7\u00f5es\u00a0 ofertadas com IA, j\u00e1 nossos m\u00e9todos manuais est\u00e3o relacionados ao suporte de nossas solu\u00e7\u00f5es e servi\u00e7os.<\/p>\n<p class=\"paragraph m30\">Asseguramos que, caso os seus dados sejam utilizados para alguma finalidade n\u00e3o prevista nesta Pol\u00edtica, tal uso n\u00e3o poder\u00e1 desrespeitar os direitos \u00e0 prote\u00e7\u00e3o dos dados e \u00e0 privacidade, nem a leg\u00edtima expectativa dos usu\u00e1rios.<\/p>\n<p class=\"paragraph m30\">Al\u00e9m de tratarmos as informa\u00e7\u00f5es de acordo com as regras previstas nesta Pol\u00edtica, podemos utilizar tamb\u00e9m suas informa\u00e7\u00f5es de forma anonimizada, ou seja, dados que n\u00e3o o identifiquem pessoalmente.<\/p>\n<p class=\"paragraph m30\"><strong>Por que compartilhamos dados pessoais?<\/strong><\/p>\n<p class=\"paragraph m30\">Compartilhamos seus dados pessoais com o seu consentimento ou para concluir transa\u00e7\u00f5es ou fornecer um determinada solu\u00e7\u00e3o ou servi\u00e7o solicitado ou autorizado. Podemos tamb\u00e9m compartilhar dados com empresas controladas pela Chosen Tecnologia, ou ainda com fornecedores autorizados, tais como representantes da Chosen Tecnologia ou prestadores de servi\u00e7o tais como contadores ou\u00a0 quando exigido por lei ou para responder a um processo judicial, bem como para manter a seguran\u00e7a das nossas solu\u00e7\u00f5es e proteger os direitos ou a propriedade da Chosen Tecnologia.<\/p>\n<p class=\"paragraph m30\"><strong>Produtos fornecidos por sua organiza\u00e7\u00e3o \u2013 aviso aos usu\u00e1rios finais<\/strong><\/p>\n<p class=\"paragraph m30\">Se voc\u00ea usa uma solu\u00e7\u00e3o fornecida por uma organiza\u00e7\u00e3o \u00e0 qual voc\u00ea est\u00e1 vinculado, como um empregador, por exemplo, essa organiza\u00e7\u00e3o poder\u00e1:<\/p>\n<p class=\"paragraph m30\">\u2022 Controlar e administrar a solu\u00e7\u00e3o da Chosen Tecnologia e as contas de\u00a0 gerenciamento da solu\u00e7\u00e3o, inclusive controlar configura\u00e7\u00f5es relacionadas \u00e0 privacidade da solu\u00e7\u00e3o ou \u00e0 sua conta na solu\u00e7\u00e3o;<br>\n\u2022 Acessar e processar suas informa\u00e7\u00f5es e dados, incluindo os informa\u00e7\u00f5es e dados de acesso e manipula\u00e7\u00e3o de rotinas durante a opera\u00e7\u00e3o das solu\u00e7\u00f5es e servi\u00e7os da Chosen Tecnologia.<\/p>\n<p class=\"paragraph m30\">Se sua organiza\u00e7\u00e3o concede a voc\u00ea acesso \u00e0s solu\u00e7\u00f5es da Chosen Tecnologia,\u00a0 o uso que voc\u00ea fizer destes estar\u00e1 sujeito \u00e0s pol\u00edticas da sua organiza\u00e7\u00e3o. Voc\u00ea deve direcionar suas perguntas de privacidade, incluindo qualquer solicita\u00e7\u00e3o para exercer seus direitos de prote\u00e7\u00e3o de dados, ao administrador da sua organiza\u00e7\u00e3o. A Chosen Tecnologia n\u00e3o \u00e9 respons\u00e1vel pelas pr\u00e1ticas de privacidade ou seguran\u00e7a dos seus clientes, as quais podem ser diferentes das estabelecidas nesta pol\u00edtica de privacidade.<\/p>\n<p class=\"paragraph m30\">Quando voc\u00ea usa uma solu\u00e7\u00e3o da Chosen Tecnologia fornecida por sua organiza\u00e7\u00e3o, o processamento de dados pessoais pela Chosen Tecnologia em conex\u00e3o com esse produto \u00e9 realizado de acordo com um contrato entre a Chosen Tecnologia e sua organiza\u00e7\u00e3o. As solu\u00e7\u00f5es da Chosen Tecnologia podem ser utilizadas para processar suas informa\u00e7\u00f5es pessoais, nos limites estabelecidos entre a sua organiza\u00e7\u00e3o e a Chosen Tecnologia para execu\u00e7\u00e3o do contrato. Conforme mencionado acima, se voc\u00ea tiver d\u00favidas sobre o processamento de seus dados pessoais realizado nas solu\u00e7\u00f5es da Chosen Tecnologia em conex\u00e3o com a oferta de solu\u00e7\u00f5es feita para a sua organiza\u00e7\u00e3o, entre em contato com a administra\u00e7\u00e3o da sua organiza\u00e7\u00e3o.<\/p>\n<p class=\"paragraph m30\"><strong>Outras informa\u00e7\u00f5es importantes sobre as solu\u00e7\u00f5es da Chosen Tecnologia<\/strong><\/p>\n<p class=\"paragraph m30\">Abaixo est\u00e3o informa\u00e7\u00f5es adicionais sobre privacidade relacionada \u00e0s solu\u00e7\u00f5es da Chosen Tecnologia.<\/p>\n<p class=\"paragraph m30\"><strong>Softwares da Chosen Tecnologia<\/strong><\/p>\n<p class=\"paragraph m30\">Na eventualidade de um conflito entre esta Pol\u00edtica de Privacidade da Chosen Tecnologia e os termos de qualquer contrato entre um cliente e a Chosen Tecnologia, os termos dos contratos prevalecer\u00e3o.<\/p>\n<p class=\"paragraph m30\">\u2022 Quando um cliente estabelece um contrato com a Chosen Tecnologia para a presta\u00e7\u00e3o de servi\u00e7os, coletamos o nome e os dados de contato do ponto de contato designado do cliente e usamos as informa\u00e7\u00f5es fornecidas pelo cliente para executar os servi\u00e7os que o cliente solicitou.<br>\n\u2022 Quando um cliente estabelece um contrato com um Representante ou um canal de distribui\u00e7\u00e3o, tanto a Chosen Tecnologia quanto o Canal de Distribui\u00e7\u00e3o poder\u00e3o ter acesso e utilizar os dados obtidos, para que possam executar suas obriga\u00e7\u00f5es relacionadas a este contrato;<br>\n\u2022 Quando um cliente interage com um profissional de suporte da Chosen Tecnologia, coletamos dados de uso ou relat\u00f3rios de erros para diagnosticar e resolver problemas, e podemos ter acesso a outros dados e informa\u00e7\u00f5es que o cliente venha a disponibilizar para fins de atendimento;<br>\n\u2022 Quando um cliente paga por produtos ou servi\u00e7os, coletamos dados de contato e pagamento para processar o pagamento;<br>\n\u2022 Quando a Chosen Tecnologia envia comunica\u00e7\u00f5es a um cliente, usamos dados para personalizar o conte\u00fado da comunica\u00e7\u00e3o;<\/p>\n<p class=\"paragraph m30\">As solu\u00e7\u00f5es da Chosen Tecnologia permitem a voc\u00ea contratar ou usar outras solu\u00e7\u00f5es e servi\u00e7os da Chosen Tecnologia ou de terceiros com pr\u00e1ticas de privacidade diferentes, e estes outras solu\u00e7\u00f5es e servi\u00e7os de terceiros s\u00e3o regidos pelas suas respectivas declara\u00e7\u00f5es e pol\u00edticas de privacidade.<\/p>\n<p class=\"paragraph m30\"><strong>Exclus\u00e3o dos dados<\/strong><\/p>\n<p class=\"paragraph m30\">Os dados coletados pela Chosen Tecnologia ser\u00e3o exclu\u00eddos de nossos servidores quando voc\u00ea solicitar ou quando n\u00e3o forem mais necess\u00e1rios para a finalidade proposta, salvo se houver outro motivo para a sua manuten\u00e7\u00e3o, como o cumprimento de uma obriga\u00e7\u00e3o legal ou a necessidade de preserva\u00e7\u00e3o dos dados para assegurar o exerc\u00edcio de direitos da Chosen Tecnologia.<\/p>\n<p class=\"paragraph m30\"><strong>Mudan\u00e7as na Pol\u00edtica de Privacidade<\/strong><\/p>\n<p class=\"paragraph m30\">A Chosen Tecnologia se reserva o direito de alterar esta pol\u00edtica de privacidade de tempos em tempos sempre que entender necess\u00e1rio para cumprir as finalidades previstas. A data da \u00faltima atualiza\u00e7\u00e3o sempre estar\u00e1 prevista no final do documento. Caso haja alguma mudan\u00e7a substancial na forma de utiliza\u00e7\u00e3o das suas informa\u00e7\u00f5es, iremos notific\u00e1-lo com um an\u00fancio em destaque em nosso site.<\/p>\n<p class=\"paragraph m30\"><strong>Fale conosco<\/strong><\/p>\n<p class=\"paragraph m30\">Se voc\u00ea estiver preocupado com sua privacidade, tiver uma reclama\u00e7\u00e3o, pergunta ou solicita\u00e7\u00e3o referente a este assunto, ou ainda queira exercer quaisquer dos direitos previstos na legisla\u00e7\u00e3o, entre em contato conosco usando o nosso formul\u00e1rio ou nos enviando um contato por meio de correio eletr\u00f4nico: lgpd@chosen.com.br<\/p><\/div>\n\t\t\t\t<\/div>\n\t\t\t\t<\/div>\n\t\t\t\t<div class=\"elementor-element elementor-element-6cfa5f3 elementor-widget elementor-widget-text-editor\" data-id=\"6cfa5f3\" data-element_type=\"widget\" data-widget_type=\"text-editor.default\">\n\t\t\t\t<div class=\"elementor-widget-container\">\n\t\t\t\t\t<div class=\"elementor-text-editor elementor-clearfix\"><p><span style=\"font-weight: bolder; font-family: Dosis, sans-serif;\">Altera\u00e7\u00f5es\u00a0<\/span><\/p><p><span style=\"font-family: Dosis, sans-serif; font-weight: bold;\">Tipo\u00a0 \u00a0 \u00a0 \u00a0 \u00a0 \u00a0 \u00a0 \u00a0 \u00a0 \u00a0 \u00a0 \u00a0 \u00a0Data\u00a0<\/span><span style=\"font-weight: bolder; font-family: Dosis, sans-serif;\"><br \/><\/span><\/p><p><span style=\"font-family: Dosis, sans-serif;\">Texto\u00a0 \u00a0 \u00a0 \u00a0 \u00a0 \u00a0 \u00a0 \u00a0 \u00a0 \u00a0 \u00a0 \u00a012\/05\/2021<\/span><span style=\"font-weight: bolder; font-family: Dosis, sans-serif;\"><br \/><\/span><\/p><p>\u00a0<\/p><\/div>\n\t\t\t\t<\/div>\n\t\t\t\t<\/div>\n\t\t\t\t\t<\/div>\n\t\t<\/div>\n\t\t\t\t\t\t\t<\/div>\n\t\t<\/section>\n\t\t\t\t\t\t<\/div>\n\t\t\t\t\t<\/div>\n\t\t","protected":false},"excerpt":{"rendered":"<p>Pol\u00edtica de Privacidade A Chosen Tecnologia se obriga, nos termos da legisla\u00e7\u00e3o em vigor, a garantir a privacidade dos usu\u00e1rios dos seus produtos e servi\u00e7os. Esta Pol\u00edtica de Privacidade explica os processos de tratamento de dados e informa\u00e7\u00f5es pessoais da Chosen Tecnologia, descreve a forma como a Chosen Tecnologia os coleta, utiliza e descreve a [&hellip;]<\/p>\n","protected":false},"author":1,"featured_media":0,"parent":0,"menu_order":0,"comment_status":"closed","ping_status":"closed","template":"","meta":{"footnotes":""},"_links":{"self":[{"href":"http:\/\/chosentecnologia.com.br\/chosen\/index.php\/wp-json\/wp\/v2\/pages\/1946"}],"collection":[{"href":"http:\/\/chosentecnologia.com.br\/chosen\/index.php\/wp-json\/wp\/v2\/pages"}],"about":[{"href":"http:\/\/chosentecnologia.com.br\/chosen\/index.php\/wp-json\/wp\/v2\/types\/page"}],"author":[{"embeddable":true,"href":"http:\/\/chosentecnologia.com.br\/chosen\/index.php\/wp-json\/wp\/v2\/users\/1"}],"replies":[{"embeddable":true,"href":"http:\/\/chosentecnologia.com.br\/chosen\/index.php\/wp-json\/wp\/v2\/comments?post=1946"}],"version-history":[{"count":16,"href":"http:\/\/chosentecnologia.com.br\/chosen\/index.php\/wp-json\/wp\/v2\/pages\/1946\/revisions"}],"predecessor-version":[{"id":1996,"href":"http:\/\/chosentecnologia.com.br\/chosen\/index.php\/wp-json\/wp\/v2\/pages\/1946\/revisions\/1996"}],"wp:attachment":[{"href":"http:\/\/chosentecnologia.com.br\/chosen\/index.php\/wp-json\/wp\/v2\/media?parent=1946"}],"curies":[{"name":"wp","href":"https:\/\/api.w.org\/{rel}","templated":true}]}}