{"id":34,"date":"2021-04-15T14:16:36","date_gmt":"2021-04-15T17:16:36","guid":{"rendered":"http:\/\/chosentecnologia.com.br\/chosen\/?page_id=34"},"modified":"2023-04-03T10:02:29","modified_gmt":"2023-04-03T13:02:29","slug":"a-chosen","status":"publish","type":"page","link":"http:\/\/chosentecnologia.com.br\/chosen\/index.php\/a-chosen\/","title":{"rendered":"A Chosen"},"content":{"rendered":"\t\t<div data-elementor-type=\"wp-page\" data-elementor-id=\"34\" class=\"elementor elementor-34\" data-elementor-settings=\"[]\">\n\t\t\t\t\t\t\t<div class=\"elementor-section-wrap\">\n\t\t\t\t\t\t\t<section class=\"elementor-section elementor-top-section elementor-element elementor-element-aeb72d1 elementor-section-stretched elementor-section-height-min-height elementor-section-boxed elementor-section-height-default elementor-section-items-middle\" data-id=\"aeb72d1\" data-element_type=\"section\" data-settings=\"{&quot;stretch_section&quot;:&quot;section-stretched&quot;,&quot;background_background&quot;:&quot;classic&quot;}\">\n\t\t\t\t\t\t<div class=\"elementor-container elementor-column-gap-default\">\n\t\t\t\t\t<div class=\"elementor-column elementor-col-50 elementor-top-column elementor-element elementor-element-458af2a6\" data-id=\"458af2a6\" data-element_type=\"column\">\n\t\t\t<div class=\"elementor-widget-wrap elementor-element-populated\">\n\t\t\t\t\t\t\t\t<div class=\"elementor-element elementor-element-291ef28 elementor-widget elementor-widget-heading\" data-id=\"291ef28\" data-element_type=\"widget\" data-widget_type=\"heading.default\">\n\t\t\t\t<div class=\"elementor-widget-container\">\n\t\t\t<h2 class=\"elementor-heading-title elementor-size-default\">Nossa Miss\u00e3o<\/h2>\t\t<\/div>\n\t\t\t\t<\/div>\n\t\t\t\t<div class=\"elementor-element elementor-element-6ca60b95 elementor-blockquote--button-color-custom elementor-blockquote--skin-border elementor-widget elementor-widget-blockquote\" data-id=\"6ca60b95\" data-element_type=\"widget\" data-widget_type=\"blockquote.default\">\n\t\t\t\t<div class=\"elementor-widget-container\">\n\t\t\t\t\t<blockquote class=\"elementor-blockquote\">\n\t\t\t<p class=\"elementor-blockquote__content\">\n\t\t\t\tA nossa empresa se dedica a oferecer solu\u00e7\u00f5es tecnol\u00f3gicas inovadoras para melhorar a performance de empresas e pessoas que buscam se destacar no mercado. Trabalhamos para fornecer diferenciais competitivos e sustent\u00e1veis, combinando tecnologia de ponta com um time de colaboradores altamente comprometidos e valorizados. Nosso objetivo \u00e9 ajudar nossos clientes a alcan\u00e7ar seus objetivos e se destacar em seu segmento de mercado.\t\t\t<\/p>\n\t\t\t\t\t<\/blockquote>\n\t\t\t\t<\/div>\n\t\t\t\t<\/div>\n\t\t\t\t<div class=\"elementor-element elementor-element-4a6a0748 elementor-widget__width-initial elementor-widget-tablet__width-initial elementor-widget-mobile__width-initial elementor-absolute elementor-button-align-stretch elementor-widget elementor-widget-form\" data-id=\"4a6a0748\" data-element_type=\"widget\" data-settings=\"{&quot;step_next_label&quot;:&quot;Next&quot;,&quot;step_previous_label&quot;:&quot;Previous&quot;,&quot;_position&quot;:&quot;absolute&quot;,&quot;button_width&quot;:&quot;100&quot;,&quot;step_type&quot;:&quot;number_text&quot;,&quot;step_icon_shape&quot;:&quot;circle&quot;}\" data-widget_type=\"form.default\">\n\t\t\t\t<div class=\"elementor-widget-container\">\n\t\t\t\t\t<form class=\"elementor-form\" method=\"post\" id=\"Cadastro\" name=\"Contato\">\n\t\t\t<input type=\"hidden\" name=\"post_id\" value=\"34\"\/>\n\t\t\t<input type=\"hidden\" name=\"form_id\" value=\"4a6a0748\"\/>\n\t\t\t<input type=\"hidden\" name=\"referer_title\" value=\"\" \/>\n\n\t\t\t\n\t\t\t<div class=\"elementor-form-fields-wrapper elementor-labels-above\">\n\t\t\t\t\t\t\t\t<div class=\"elementor-field-type-text elementor-field-group elementor-column elementor-field-group-name elementor-col-100\">\n\t\t\t\t\t<label for=\"form-field-name\" class=\"elementor-field-label\">Nome<\/label><input size=\"1\" type=\"text\" name=\"form_fields[name]\" id=\"form-field-name\" class=\"elementor-field elementor-size-sm  elementor-field-textual\">\t\t\t\t<\/div>\n\t\t\t\t\t\t\t\t<div class=\"elementor-field-type-email elementor-field-group elementor-column elementor-field-group-email elementor-col-100 elementor-field-required elementor-mark-required\">\n\t\t\t\t\t<label for=\"form-field-email\" class=\"elementor-field-label\">Email<\/label><input size=\"1\" type=\"email\" name=\"form_fields[email]\" id=\"form-field-email\" class=\"elementor-field elementor-size-sm  elementor-field-textual\" required=\"required\" aria-required=\"true\">\t\t\t\t<\/div>\n\t\t\t\t\t\t\t\t<div class=\"elementor-field-type-textarea elementor-field-group elementor-column elementor-field-group-message elementor-col-100\">\n\t\t\t\t\t<label for=\"form-field-message\" class=\"elementor-field-label\">Mensagem<\/label><textarea class=\"elementor-field-textual elementor-field  elementor-size-sm\" name=\"form_fields[message]\" id=\"form-field-message\" rows=\"4\"><\/textarea>\t\t\t\t<\/div>\n\t\t\t\t\t\t\t\t<div class=\"elementor-field-type-maskphone_with_ddd elementor-field-group elementor-column elementor-field-group-field_93e44c7 elementor-col-100 elementor-field-required elementor-mark-required\">\n\t\t\t\t\t<label for=\"form-field-field_93e44c7\" class=\"elementor-field-label\">Telefone<\/label>\t\t\t\t<\/div>\n\t\t\t\t\t\t\t\t<div class=\"elementor-field-group elementor-column elementor-field-type-submit elementor-col-100 e-form__buttons\">\n\t\t\t\t\t<button type=\"submit\" class=\"elementor-button elementor-size-sm\">\n\t\t\t\t\t\t<span >\n\t\t\t\t\t\t\t\t\t\t\t\t\t\t\t<span class=\" elementor-button-icon\">\n\t\t\t\t\t\t\t\t\t\t\t\t\t\t\t\t\t\t\t\t\t\t\t\t\t\t<\/span>\n\t\t\t\t\t\t\t\t\t\t\t\t\t\t\t\t\t\t\t\t\t\t<span class=\"elementor-button-text\">Cadastrar<\/span>\n\t\t\t\t\t\t\t\t\t\t\t\t\t<\/span>\n\t\t\t\t\t<\/button>\n\t\t\t\t<\/div>\n\t\t\t<\/div>\n\t\t<\/form>\n\t\t\t\t<\/div>\n\t\t\t\t<\/div>\n\t\t\t\t\t<\/div>\n\t\t<\/div>\n\t\t\t\t<div class=\"elementor-column elementor-col-50 elementor-top-column elementor-element elementor-element-38225257\" data-id=\"38225257\" data-element_type=\"column\">\n\t\t\t<div class=\"elementor-widget-wrap elementor-element-populated\">\n\t\t\t\t\t\t\t\t<div class=\"elementor-element elementor-element-2c248215 elementor-invisible elementor-widget elementor-widget-image\" data-id=\"2c248215\" data-element_type=\"widget\" data-settings=\"{&quot;_animation&quot;:&quot;zoomInRight&quot;}\" data-widget_type=\"image.default\">\n\t\t\t\t<div class=\"elementor-widget-container\">\n\t\t\t\t\t<div class=\"elementor-image\">\n\t\t\t\t\t\t\t\t\t\t<img loading=\"lazy\" decoding=\"async\" width=\"522\" height=\"107\" src=\"http:\/\/chosentecnologia.com.br\/chosen\/wp-content\/uploads\/2021\/04\/chosen-transparente.png\" class=\"attachment-large size-large\" alt=\"\" srcset=\"http:\/\/chosentecnologia.com.br\/chosen\/wp-content\/uploads\/2021\/04\/chosen-transparente.png 522w, http:\/\/chosentecnologia.com.br\/chosen\/wp-content\/uploads\/2021\/04\/chosen-transparente-300x61.png 300w\" sizes=\"(max-width: 522px) 100vw, 522px\" \/>\t\t\t\t\t\t\t\t\t\t\t<\/div>\n\t\t\t\t<\/div>\n\t\t\t\t<\/div>\n\t\t\t\t\t<\/div>\n\t\t<\/div>\n\t\t\t\t\t\t\t<\/div>\n\t\t<\/section>\n\t\t\t\t<section class=\"elementor-section elementor-top-section elementor-element elementor-element-9e3256e elementor-section-stretched elementor-section-height-min-height elementor-section-boxed elementor-section-height-default elementor-section-items-middle\" data-id=\"9e3256e\" data-element_type=\"section\" data-settings=\"{&quot;stretch_section&quot;:&quot;section-stretched&quot;,&quot;background_background&quot;:&quot;classic&quot;}\">\n\t\t\t\t\t\t<div class=\"elementor-container elementor-column-gap-default\">\n\t\t\t\t\t<div class=\"elementor-column elementor-col-50 elementor-top-column elementor-element elementor-element-f93b059\" data-id=\"f93b059\" data-element_type=\"column\">\n\t\t\t<div class=\"elementor-widget-wrap elementor-element-populated\">\n\t\t\t\t\t\t\t\t<div class=\"elementor-element elementor-element-ec34b11 elementor-widget elementor-widget-heading\" data-id=\"ec34b11\" data-element_type=\"widget\" data-widget_type=\"heading.default\">\n\t\t\t\t<div class=\"elementor-widget-container\">\n\t\t\t<h2 class=\"elementor-heading-title elementor-size-default\">Vis\u00e3o<\/h2>\t\t<\/div>\n\t\t\t\t<\/div>\n\t\t\t\t<div class=\"elementor-element elementor-element-afcb457 elementor-blockquote--button-color-custom elementor-blockquote--skin-border elementor-widget elementor-widget-blockquote\" data-id=\"afcb457\" data-element_type=\"widget\" data-widget_type=\"blockquote.default\">\n\t\t\t\t<div class=\"elementor-widget-container\">\n\t\t\t\t\t<blockquote class=\"elementor-blockquote\">\n\t\t\t<p class=\"elementor-blockquote__content\">\n\t\t\t\tSer refer\u00eancia em inova\u00e7\u00e3o e qualidade, oferecendo solu\u00e7\u00f5es tecnol\u00f3gicas que transformam positivamente a vida das pessoas e contribuem para o progresso da sociedade, valorizando sempre nossos clientes, colaboradores e a comunidade\t\t\t<\/p>\n\t\t\t\t\t<\/blockquote>\n\t\t\t\t<\/div>\n\t\t\t\t<\/div>\n\t\t\t\t\t<\/div>\n\t\t<\/div>\n\t\t\t\t<div class=\"elementor-column elementor-col-50 elementor-top-column elementor-element elementor-element-79c4235\" data-id=\"79c4235\" data-element_type=\"column\">\n\t\t\t<div class=\"elementor-widget-wrap elementor-element-populated\">\n\t\t\t\t\t\t\t\t<div class=\"elementor-element elementor-element-c5a54fd elementor-invisible elementor-widget elementor-widget-image\" data-id=\"c5a54fd\" data-element_type=\"widget\" data-settings=\"{&quot;_animation&quot;:&quot;bounceInRight&quot;}\" data-widget_type=\"image.default\">\n\t\t\t\t<div class=\"elementor-widget-container\">\n\t\t\t\t\t<div class=\"elementor-image\">\n\t\t\t\t\t\t\t\t\t\t<img loading=\"lazy\" decoding=\"async\" width=\"429\" height=\"282\" src=\"http:\/\/chosentecnologia.com.br\/chosen\/wp-content\/uploads\/2021\/05\/ch1.jpg\" class=\"attachment-large size-large\" alt=\"\" srcset=\"http:\/\/chosentecnologia.com.br\/chosen\/wp-content\/uploads\/2021\/05\/ch1.jpg 429w, http:\/\/chosentecnologia.com.br\/chosen\/wp-content\/uploads\/2021\/05\/ch1-300x197.jpg 300w\" sizes=\"(max-width: 429px) 100vw, 429px\" \/>\t\t\t\t\t\t\t\t\t\t\t<\/div>\n\t\t\t\t<\/div>\n\t\t\t\t<\/div>\n\t\t\t\t\t<\/div>\n\t\t<\/div>\n\t\t\t\t\t\t\t<\/div>\n\t\t<\/section>\n\t\t\t\t<section class=\"elementor-section elementor-top-section elementor-element elementor-element-2908e74 elementor-section-stretched elementor-section-height-min-height elementor-section-boxed elementor-section-height-default elementor-section-items-middle\" data-id=\"2908e74\" data-element_type=\"section\" data-settings=\"{&quot;stretch_section&quot;:&quot;section-stretched&quot;,&quot;background_background&quot;:&quot;classic&quot;}\">\n\t\t\t\t\t\t<div class=\"elementor-container elementor-column-gap-default\">\n\t\t\t\t\t<div class=\"elementor-column elementor-col-50 elementor-top-column elementor-element elementor-element-0270dad\" data-id=\"0270dad\" data-element_type=\"column\">\n\t\t\t<div class=\"elementor-widget-wrap elementor-element-populated\">\n\t\t\t\t\t\t\t\t<div class=\"elementor-element elementor-element-03ae625 elementor-widget elementor-widget-heading\" data-id=\"03ae625\" data-element_type=\"widget\" data-widget_type=\"heading.default\">\n\t\t\t\t<div class=\"elementor-widget-container\">\n\t\t\t<h2 class=\"elementor-heading-title elementor-size-default\">Valores<\/h2>\t\t<\/div>\n\t\t\t\t<\/div>\n\t\t\t\t<div class=\"elementor-element elementor-element-096ab01 elementor-blockquote--button-color-custom elementor-blockquote--skin-border elementor-widget elementor-widget-blockquote\" data-id=\"096ab01\" data-element_type=\"widget\" data-widget_type=\"blockquote.default\">\n\t\t\t\t<div class=\"elementor-widget-container\">\n\t\t\t\t\t<blockquote class=\"elementor-blockquote\">\n\t\t\t<p class=\"elementor-blockquote__content\">\n\t\t\t\t<img decoding=\"async\" loading=\"lazy\" class=\"image-inline\" title=\"Check cor 2\" src=\"https:\/\/www.serpro.gov.br\/lgpd\/menu\/arquivos\/check-cor-2\" alt=\"Check cor 2\" width=\"17\" height=\"17\"> Relacionar-se com o cliente de modo a construir v\u00ednculos s\u00f3lidos e de longo prazo.<br><br><img decoding=\"async\" loading=\"lazy\" class=\"image-inline\" title=\"Check cor 3\" src=\"https:\/\/www.serpro.gov.br\/lgpd\/menu\/arquivos\/check-cor-3\" alt=\"Check cor 3\" width=\"17\" height=\"17\">  Focar em solu\u00e7\u00f5es que aumentem a competitividade do seu neg\u00f3cio.<br><br><img decoding=\"async\" loading=\"lazy\" class=\"image-inline\" title=\"Check1\" src=\"https:\/\/www.serpro.gov.br\/lgpd\/menu\/arquivos\/check1\" alt=\"Check1\" width=\"17\" height=\"17\"> Atuar com \u00e9tica, honestidade e respeito \u00e0s pessoas.<br><br><img decoding=\"async\" loading=\"lazy\" class=\"image-inline\" title=\"Check cor 2\" src=\"https:\/\/www.serpro.gov.br\/lgpd\/menu\/arquivos\/check-cor-2\" alt=\"Check cor 2\" width=\"17\" height=\"17\"> Atuar de maneira colaborativa com foco no resultado.<br><br><img decoding=\"async\" loading=\"lazy\" class=\"image-inline\" title=\"Check cor 3\" src=\"https:\/\/www.serpro.gov.br\/lgpd\/menu\/arquivos\/check-cor-3\" alt=\"Check cor 3\" width=\"17\" height=\"17\"> Cumprir com prazos e metas de qualidade e alta performance.<br><br><img decoding=\"async\" loading=\"lazy\" class=\"image-inline\" title=\"Check1\" src=\"https:\/\/www.serpro.gov.br\/lgpd\/menu\/arquivos\/check1\" alt=\"Check1\" width=\"17\" height=\"17\"> Surpreender nossos clientes com excel\u00eancia em produtos e servi\u00e7os.<br><br><img decoding=\"async\" loading=\"lazy\" class=\"image-inline\" title=\"Check1\" src=\"https:\/\/www.serpro.gov.br\/lgpd\/menu\/arquivos\/check1\" alt=\"Check1\" width=\"17\" height=\"17\"> Aumentar a satisfa\u00e7\u00e3o dos clientes atrav\u00e9s da melhoria cont\u00ednua das nossas solu\u00e7\u00f5es.<br><br><img decoding=\"async\" loading=\"lazy\" class=\"image-inline\" title=\"Check cor 2\" src=\"https:\/\/www.serpro.gov.br\/lgpd\/menu\/arquivos\/check-cor-2\" alt=\"Check cor 2\" width=\"17\" height=\"17\"> Explorar projetos que gerem vantagem competitiva para alcan\u00e7ar resultados satisfat\u00f3rios para nossos clientes.\t\t\t<\/p>\n\t\t\t\t\t<\/blockquote>\n\t\t\t\t<\/div>\n\t\t\t\t<\/div>\n\t\t\t\t\t<\/div>\n\t\t<\/div>\n\t\t\t\t<div class=\"elementor-column elementor-col-50 elementor-top-column elementor-element elementor-element-4a09138\" data-id=\"4a09138\" data-element_type=\"column\">\n\t\t\t<div class=\"elementor-widget-wrap elementor-element-populated\">\n\t\t\t\t\t\t\t\t<div class=\"elementor-element elementor-element-5ed0d63 elementor-invisible elementor-widget elementor-widget-image\" data-id=\"5ed0d63\" data-element_type=\"widget\" data-settings=\"{&quot;_animation&quot;:&quot;fadeInUp&quot;}\" data-widget_type=\"image.default\">\n\t\t\t\t<div class=\"elementor-widget-container\">\n\t\t\t\t\t<div class=\"elementor-image\">\n\t\t\t\t\t\t\t\t\t\t<img loading=\"lazy\" decoding=\"async\" width=\"360\" height=\"300\" src=\"http:\/\/chosentecnologia.com.br\/chosen\/wp-content\/uploads\/2021\/04\/arrownback.png\" class=\"attachment-large size-large\" alt=\"\" srcset=\"http:\/\/chosentecnologia.com.br\/chosen\/wp-content\/uploads\/2021\/04\/arrownback.png 360w, http:\/\/chosentecnologia.com.br\/chosen\/wp-content\/uploads\/2021\/04\/arrownback-300x250.png 300w\" sizes=\"(max-width: 360px) 100vw, 360px\" \/>\t\t\t\t\t\t\t\t\t\t\t<\/div>\n\t\t\t\t<\/div>\n\t\t\t\t<\/div>\n\t\t\t\t\t<\/div>\n\t\t<\/div>\n\t\t\t\t\t\t\t<\/div>\n\t\t<\/section>\n\t\t\t\t\t\t<\/div>\n\t\t\t\t\t<\/div>\n\t\t","protected":false},"excerpt":{"rendered":"<p>Nossa Miss\u00e3o A nossa empresa se dedica a oferecer solu\u00e7\u00f5es tecnol\u00f3gicas inovadoras para melhorar a performance de empresas e pessoas que buscam se destacar no mercado. Trabalhamos para fornecer diferenciais competitivos e sustent\u00e1veis, combinando tecnologia de ponta com um time de colaboradores altamente comprometidos e valorizados. Nosso objetivo \u00e9 ajudar nossos clientes a alcan\u00e7ar seus [&hellip;]<\/p>\n","protected":false},"author":1,"featured_media":0,"parent":0,"menu_order":0,"comment_status":"closed","ping_status":"closed","template":"","meta":{"footnotes":""},"_links":{"self":[{"href":"http:\/\/chosentecnologia.com.br\/chosen\/index.php\/wp-json\/wp\/v2\/pages\/34"}],"collection":[{"href":"http:\/\/chosentecnologia.com.br\/chosen\/index.php\/wp-json\/wp\/v2\/pages"}],"about":[{"href":"http:\/\/chosentecnologia.com.br\/chosen\/index.php\/wp-json\/wp\/v2\/types\/page"}],"author":[{"embeddable":true,"href":"http:\/\/chosentecnologia.com.br\/chosen\/index.php\/wp-json\/wp\/v2\/users\/1"}],"replies":[{"embeddable":true,"href":"http:\/\/chosentecnologia.com.br\/chosen\/index.php\/wp-json\/wp\/v2\/comments?post=34"}],"version-history":[{"count":34,"href":"http:\/\/chosentecnologia.com.br\/chosen\/index.php\/wp-json\/wp\/v2\/pages\/34\/revisions"}],"predecessor-version":[{"id":2158,"href":"http:\/\/chosentecnologia.com.br\/chosen\/index.php\/wp-json\/wp\/v2\/pages\/34\/revisions\/2158"}],"wp:attachment":[{"href":"http:\/\/chosentecnologia.com.br\/chosen\/index.php\/wp-json\/wp\/v2\/media?parent=34"}],"curies":[{"name":"wp","href":"https:\/\/api.w.org\/{rel}","templated":true}]}}