{"id":86,"date":"2021-04-15T15:03:37","date_gmt":"2021-04-15T18:03:37","guid":{"rendered":"http:\/\/chosentecnologia.com.br\/chosen\/?page_id=86"},"modified":"2021-05-18T17:34:20","modified_gmt":"2021-05-18T20:34:20","slug":"sistema-de-gestao-empresarial-erp","status":"publish","type":"page","link":"http:\/\/chosentecnologia.com.br\/chosen\/index.php\/sistema-de-gestao-empresarial-erp\/","title":{"rendered":"Sistema de Gest\u00e3o Empresarial &#8211; ERP"},"content":{"rendered":"\t\t<div data-elementor-type=\"wp-page\" data-elementor-id=\"86\" class=\"elementor elementor-86\" data-elementor-settings=\"[]\">\n\t\t\t\t\t\t\t<div class=\"elementor-section-wrap\">\n\t\t\t\t\t\t\t<section class=\"elementor-section elementor-top-section elementor-element elementor-element-77e56446 elementor-section-stretched elementor-section-height-min-height elementor-section-boxed elementor-section-height-default elementor-section-items-middle\" data-id=\"77e56446\" data-element_type=\"section\" data-settings=\"{&quot;stretch_section&quot;:&quot;section-stretched&quot;,&quot;background_background&quot;:&quot;classic&quot;}\">\n\t\t\t\t\t\t<div class=\"elementor-container elementor-column-gap-default\">\n\t\t\t\t\t<div class=\"elementor-column elementor-col-50 elementor-top-column elementor-element elementor-element-4aead30c\" data-id=\"4aead30c\" data-element_type=\"column\">\n\t\t\t<div class=\"elementor-widget-wrap elementor-element-populated\">\n\t\t\t\t\t\t\t\t<div class=\"elementor-element elementor-element-b61a1a5 elementor-widget elementor-widget-heading\" data-id=\"b61a1a5\" data-element_type=\"widget\" data-widget_type=\"heading.default\">\n\t\t\t\t<div class=\"elementor-widget-container\">\n\t\t\t<h2 class=\"elementor-heading-title elementor-size-default\">Sistema Gest\u00e3o Empresarial - ERP<\/h2>\t\t<\/div>\n\t\t\t\t<\/div>\n\t\t\t\t<div class=\"elementor-element elementor-element-609fd92e elementor-blockquote--button-color-custom elementor-blockquote--skin-border elementor-widget elementor-widget-blockquote\" data-id=\"609fd92e\" data-element_type=\"widget\" data-widget_type=\"blockquote.default\">\n\t\t\t\t<div class=\"elementor-widget-container\">\n\t\t\t\t\t<blockquote class=\"elementor-blockquote\">\n\t\t\t<p class=\"elementor-blockquote__content\">\n\t\t\t\t<span style=\"letter-spacing: 0.2px; white-space: normal;\">\"O mercado n\u00e3o para de se transformar, para acompanhar sempre essas mudan\u00e7as as empresas s\u00e3o sempre desafiadas a oferecer mais agilidade e efici\u00eancia com melhor custo e benef\u00edcio por isso a Chosen Tecnologia, n\u00e3o para de evoluir e apresenta uma nova vers\u00e3o do ERP que j\u00e1 atendeu muitas empresas durante seus 25 anos de evolu\u00e7\u00e3o. O CGI 12.0, uma nova experi\u00eancia para seus usu\u00e1rios. O conjunto de ferramentas Chosen fortalece a presen\u00e7a online dos clientes.&nbsp;<\/span><br><span style=\"letter-spacing: 0.2px; white-space: normal;\">A Chosen oferece solu\u00e7\u00f5es poderosas para tomada de decis\u00e3o, automatiza\u00e7\u00e3o de processos, acesso a todas as solu\u00e7\u00f5es na plataforma mobile e mais praticidade no atendimento e suporte com o novo modelo de Helpdesk e Ticketing\".<\/span>\t\t\t<\/p>\n\t\t\t\t\t\t\t<footer>\n\t\t\t\t\t\t\t\t\t\t\t<cite class=\"elementor-blockquote__author\">Cesar Molina<\/cite>\n\t\t\t\t\t\t\t\t\t\t\t\t\t\t<\/footer>\n\t\t\t\t\t<\/blockquote>\n\t\t\t\t<\/div>\n\t\t\t\t<\/div>\n\t\t\t\t<div class=\"elementor-element elementor-element-14d6deec elementor-widget__width-initial elementor-widget-tablet__width-initial elementor-widget-mobile__width-initial elementor-absolute elementor-button-align-stretch elementor-widget elementor-widget-form\" data-id=\"14d6deec\" data-element_type=\"widget\" data-settings=\"{&quot;step_next_label&quot;:&quot;Next&quot;,&quot;step_previous_label&quot;:&quot;Previous&quot;,&quot;_position&quot;:&quot;absolute&quot;,&quot;button_width&quot;:&quot;100&quot;,&quot;step_type&quot;:&quot;number_text&quot;,&quot;step_icon_shape&quot;:&quot;circle&quot;}\" data-widget_type=\"form.default\">\n\t\t\t\t<div class=\"elementor-widget-container\">\n\t\t\t\t\t<form class=\"elementor-form\" method=\"post\" id=\"Cadastro\" name=\"Contato\">\n\t\t\t<input type=\"hidden\" name=\"post_id\" value=\"86\"\/>\n\t\t\t<input type=\"hidden\" name=\"form_id\" value=\"14d6deec\"\/>\n\t\t\t<input type=\"hidden\" name=\"referer_title\" value=\"\" \/>\n\n\t\t\t\n\t\t\t<div class=\"elementor-form-fields-wrapper elementor-labels-above\">\n\t\t\t\t\t\t\t\t<div class=\"elementor-field-type-text elementor-field-group elementor-column elementor-field-group-name elementor-col-100\">\n\t\t\t\t\t<label for=\"form-field-name\" class=\"elementor-field-label\">Nome<\/label><input size=\"1\" type=\"text\" name=\"form_fields[name]\" id=\"form-field-name\" class=\"elementor-field elementor-size-sm  elementor-field-textual\">\t\t\t\t<\/div>\n\t\t\t\t\t\t\t\t<div class=\"elementor-field-type-email elementor-field-group elementor-column elementor-field-group-email elementor-col-100 elementor-field-required elementor-mark-required\">\n\t\t\t\t\t<label for=\"form-field-email\" class=\"elementor-field-label\">Email<\/label><input size=\"1\" type=\"email\" name=\"form_fields[email]\" id=\"form-field-email\" class=\"elementor-field elementor-size-sm  elementor-field-textual\" required=\"required\" aria-required=\"true\">\t\t\t\t<\/div>\n\t\t\t\t\t\t\t\t<div class=\"elementor-field-type-textarea elementor-field-group elementor-column elementor-field-group-message elementor-col-100\">\n\t\t\t\t\t<label for=\"form-field-message\" class=\"elementor-field-label\">Mensagem<\/label><textarea class=\"elementor-field-textual elementor-field  elementor-size-sm\" name=\"form_fields[message]\" id=\"form-field-message\" rows=\"4\"><\/textarea>\t\t\t\t<\/div>\n\t\t\t\t\t\t\t\t<div class=\"elementor-field-type-maskphone_with_ddd elementor-field-group elementor-column elementor-field-group-field_93e44c7 elementor-col-100 elementor-field-required elementor-mark-required\">\n\t\t\t\t\t<label for=\"form-field-field_93e44c7\" class=\"elementor-field-label\">Telefone<\/label>\t\t\t\t<\/div>\n\t\t\t\t\t\t\t\t<div class=\"elementor-field-group elementor-column elementor-field-type-submit elementor-col-100 e-form__buttons\">\n\t\t\t\t\t<button type=\"submit\" class=\"elementor-button elementor-size-sm\">\n\t\t\t\t\t\t<span >\n\t\t\t\t\t\t\t\t\t\t\t\t\t\t\t<span class=\" elementor-button-icon\">\n\t\t\t\t\t\t\t\t\t\t\t\t\t\t\t\t\t\t\t\t\t\t\t\t\t\t<\/span>\n\t\t\t\t\t\t\t\t\t\t\t\t\t\t\t\t\t\t\t\t\t\t<span class=\"elementor-button-text\">Cadastrar<\/span>\n\t\t\t\t\t\t\t\t\t\t\t\t\t<\/span>\n\t\t\t\t\t<\/button>\n\t\t\t\t<\/div>\n\t\t\t<\/div>\n\t\t<\/form>\n\t\t\t\t<\/div>\n\t\t\t\t<\/div>\n\t\t\t\t\t<\/div>\n\t\t<\/div>\n\t\t\t\t<div class=\"elementor-column elementor-col-50 elementor-top-column elementor-element elementor-element-3fe929a4\" data-id=\"3fe929a4\" data-element_type=\"column\">\n\t\t\t<div class=\"elementor-widget-wrap elementor-element-populated\">\n\t\t\t\t\t\t\t\t<div class=\"elementor-element elementor-element-4fa1be5c elementor-invisible elementor-widget elementor-widget-image\" data-id=\"4fa1be5c\" data-element_type=\"widget\" data-settings=\"{&quot;_animation&quot;:&quot;zoomInRight&quot;}\" data-widget_type=\"image.default\">\n\t\t\t\t<div class=\"elementor-widget-container\">\n\t\t\t\t\t<div class=\"elementor-image\">\n\t\t\t\t\t\t\t\t\t\t<img loading=\"lazy\" decoding=\"async\" width=\"800\" height=\"450\" src=\"http:\/\/chosentecnologia.com.br\/chosen\/wp-content\/uploads\/2021\/04\/ERP-prod1.jpg\" class=\"attachment-large size-large\" alt=\"\" srcset=\"http:\/\/chosentecnologia.com.br\/chosen\/wp-content\/uploads\/2021\/04\/ERP-prod1.jpg 811w, http:\/\/chosentecnologia.com.br\/chosen\/wp-content\/uploads\/2021\/04\/ERP-prod1-300x169.jpg 300w, http:\/\/chosentecnologia.com.br\/chosen\/wp-content\/uploads\/2021\/04\/ERP-prod1-768x432.jpg 768w\" sizes=\"(max-width: 800px) 100vw, 800px\" \/>\t\t\t\t\t\t\t\t\t\t\t<\/div>\n\t\t\t\t<\/div>\n\t\t\t\t<\/div>\n\t\t\t\t\t<\/div>\n\t\t<\/div>\n\t\t\t\t\t\t\t<\/div>\n\t\t<\/section>\n\t\t\t\t<section class=\"elementor-section elementor-top-section elementor-element elementor-element-55746b63 elementor-section-stretched elementor-section-full_width elementor-section-height-min-height elementor-section-items-top elementor-section-height-default\" data-id=\"55746b63\" data-element_type=\"section\" data-settings=\"{&quot;stretch_section&quot;:&quot;section-stretched&quot;,&quot;background_background&quot;:&quot;gradient&quot;}\">\n\t\t\t\t\t\t<div class=\"elementor-container elementor-column-gap-default\">\n\t\t\t\t\t<div class=\"elementor-column elementor-col-33 elementor-top-column elementor-element elementor-element-103a808d\" data-id=\"103a808d\" data-element_type=\"column\">\n\t\t\t<div class=\"elementor-widget-wrap elementor-element-populated\">\n\t\t\t\t\t\t\t\t<div class=\"elementor-element elementor-element-11abb388 elementor-flip-box--3d elementor-flip-box--effect-flip elementor-flip-box--direction-up elementor-widget elementor-widget-flip-box\" data-id=\"11abb388\" data-element_type=\"widget\" data-widget_type=\"flip-box.default\">\n\t\t\t\t<div class=\"elementor-widget-container\">\n\t\t\t\t\t<div class=\"elementor-flip-box\">\n\t\t\t<div class=\"elementor-flip-box__layer elementor-flip-box__front\">\n\t\t\t\t<div class=\"elementor-flip-box__layer__overlay\">\n\t\t\t\t\t<div class=\"elementor-flip-box__layer__inner\">\n\t\t\t\t\t\t\t\t\t\t\t\t\t<div class=\"elementor-flip-box__image\">\n\t\t\t\t\t\t\t\t<img loading=\"lazy\" decoding=\"async\" width=\"150\" height=\"150\" src=\"http:\/\/chosentecnologia.com.br\/chosen\/wp-content\/uploads\/2021\/04\/software.svg\" class=\"attachment-thumbnail size-thumbnail\" alt=\"\" srcset=\"http:\/\/chosentecnologia.com.br\/chosen\/wp-content\/uploads\/\/2021\/04\/software.svg 150w, http:\/\/chosentecnologia.com.br\/chosen\/wp-content\/uploads\/\/2021\/04\/software.svg 300w, http:\/\/chosentecnologia.com.br\/chosen\/wp-content\/uploads\/\/2021\/04\/software.svg 1024w, http:\/\/chosentecnologia.com.br\/chosen\/wp-content\/uploads\/\/2021\/04\/software.svg 1536w, http:\/\/chosentecnologia.com.br\/chosen\/wp-content\/uploads\/\/2021\/04\/software.svg 2048w, http:\/\/chosentecnologia.com.br\/chosen\/wp-content\/uploads\/\/2021\/04\/software.svg 100w\" sizes=\"(max-width: 150px) 100vw, 150px\" \/>\t\t\t\t\t\t\t<\/div>\n\t\t\t\t\t\t\n\t\t\t\t\t\t\n\t\t\t\t\t\t\t\t\t\t\t\t\t<div class=\"elementor-flip-box__layer__description\">\n\t\t\t\t\t\t\t\tMarketing Digital\t\t\t\t\t\t\t<\/div>\n\t\t\t\t\t\t\t\t\t\t\t<\/div>\n\t\t\t\t<\/div>\n\t\t\t<\/div>\n\t\t\t<div class=\"elementor-flip-box__layer elementor-flip-box__back\">\n\t\t\t<div class=\"elementor-flip-box__layer__overlay\">\n\t\t\t\t<div class=\"elementor-flip-box__layer__inner\">\n\t\t\t\t\t\n\t\t\t\t\t\n\t\t\t\t\t\t\t\t<\/div>\n\t\t<\/div>\n\t\t<\/div>\n\t\t<\/div>\n\t\t\t\t<\/div>\n\t\t\t\t<\/div>\n\t\t\t\t<div class=\"elementor-element elementor-element-18832efe elementor-flip-box--3d elementor-flip-box--effect-flip elementor-flip-box--direction-up elementor-widget elementor-widget-flip-box\" data-id=\"18832efe\" data-element_type=\"widget\" data-widget_type=\"flip-box.default\">\n\t\t\t\t<div class=\"elementor-widget-container\">\n\t\t\t\t\t<div class=\"elementor-flip-box\">\n\t\t\t<div class=\"elementor-flip-box__layer elementor-flip-box__front\">\n\t\t\t\t<div class=\"elementor-flip-box__layer__overlay\">\n\t\t\t\t\t<div class=\"elementor-flip-box__layer__inner\">\n\t\t\t\t\t\t\t\t\t\t\t\t\t<div class=\"elementor-flip-box__image\">\n\t\t\t\t\t\t\t\t<img loading=\"lazy\" decoding=\"async\" width=\"150\" height=\"150\" src=\"http:\/\/chosentecnologia.com.br\/chosen\/wp-content\/uploads\/2021\/04\/suporte.svg\" class=\"attachment-thumbnail size-thumbnail\" alt=\"\" srcset=\"http:\/\/chosentecnologia.com.br\/chosen\/wp-content\/uploads\/\/2021\/04\/suporte.svg 150w, http:\/\/chosentecnologia.com.br\/chosen\/wp-content\/uploads\/\/2021\/04\/suporte.svg 300w, http:\/\/chosentecnologia.com.br\/chosen\/wp-content\/uploads\/\/2021\/04\/suporte.svg 1024w, http:\/\/chosentecnologia.com.br\/chosen\/wp-content\/uploads\/\/2021\/04\/suporte.svg 1536w, http:\/\/chosentecnologia.com.br\/chosen\/wp-content\/uploads\/\/2021\/04\/suporte.svg 2048w, http:\/\/chosentecnologia.com.br\/chosen\/wp-content\/uploads\/\/2021\/04\/suporte.svg 100w\" sizes=\"(max-width: 150px) 100vw, 150px\" \/>\t\t\t\t\t\t\t<\/div>\n\t\t\t\t\t\t\n\t\t\t\t\t\t\n\t\t\t\t\t\t\t\t\t\t\t\t\t<div class=\"elementor-flip-box__layer__description\">\n\t\t\t\t\t\t\t\tControle de Frotas\t\t\t\t\t\t\t<\/div>\n\t\t\t\t\t\t\t\t\t\t\t<\/div>\n\t\t\t\t<\/div>\n\t\t\t<\/div>\n\t\t\t<div class=\"elementor-flip-box__layer elementor-flip-box__back\">\n\t\t\t<div class=\"elementor-flip-box__layer__overlay\">\n\t\t\t\t<div class=\"elementor-flip-box__layer__inner\">\n\t\t\t\t\t\n\t\t\t\t\t\n\t\t\t\t\t\t\t\t<\/div>\n\t\t<\/div>\n\t\t<\/div>\n\t\t<\/div>\n\t\t\t\t<\/div>\n\t\t\t\t<\/div>\n\t\t\t\t\t<\/div>\n\t\t<\/div>\n\t\t\t\t<div class=\"elementor-column elementor-col-33 elementor-top-column elementor-element elementor-element-d3449fa\" data-id=\"d3449fa\" data-element_type=\"column\">\n\t\t\t<div class=\"elementor-widget-wrap elementor-element-populated\">\n\t\t\t\t\t\t\t\t<div class=\"elementor-element elementor-element-3a6d5094 elementor-flip-box--effect-fade elementor-widget elementor-widget-flip-box\" data-id=\"3a6d5094\" data-element_type=\"widget\" data-widget_type=\"flip-box.default\">\n\t\t\t\t<div class=\"elementor-widget-container\">\n\t\t\t\t\t<div class=\"elementor-flip-box\">\n\t\t\t<div class=\"elementor-flip-box__layer elementor-flip-box__front\">\n\t\t\t\t<div class=\"elementor-flip-box__layer__overlay\">\n\t\t\t\t\t<div class=\"elementor-flip-box__layer__inner\">\n\t\t\t\t\t\t\t\t\t\t\t\t\t<div class=\"elementor-flip-box__image\">\n\t\t\t\t\t\t\t\t<img loading=\"lazy\" decoding=\"async\" width=\"150\" height=\"150\" src=\"http:\/\/chosentecnologia.com.br\/chosen\/wp-content\/uploads\/2021\/04\/Consultoria.svg\" class=\"attachment-thumbnail size-thumbnail\" alt=\"\" srcset=\"http:\/\/chosentecnologia.com.br\/chosen\/wp-content\/uploads\/\/2021\/04\/Consultoria.svg 150w, http:\/\/chosentecnologia.com.br\/chosen\/wp-content\/uploads\/\/2021\/04\/Consultoria.svg 300w, http:\/\/chosentecnologia.com.br\/chosen\/wp-content\/uploads\/\/2021\/04\/Consultoria.svg 1024w, http:\/\/chosentecnologia.com.br\/chosen\/wp-content\/uploads\/\/2021\/04\/Consultoria.svg 1536w, http:\/\/chosentecnologia.com.br\/chosen\/wp-content\/uploads\/\/2021\/04\/Consultoria.svg 2048w, http:\/\/chosentecnologia.com.br\/chosen\/wp-content\/uploads\/\/2021\/04\/Consultoria.svg 100w\" sizes=\"(max-width: 150px) 100vw, 150px\" \/>\t\t\t\t\t\t\t<\/div>\n\t\t\t\t\t\t\n\t\t\t\t\t\t\t\t\t\t\t\t\t<h3 class=\"elementor-flip-box__layer__title\">\n\t\t\t\t\t\t\t\tChosen - ERP\t\t\t\t\t\t\t<\/h3>\n\t\t\t\t\t\t\n\t\t\t\t\t\t\t\t\t\t\t\t\t<div class=\"elementor-flip-box__layer__description\">\n\t\t\t\t\t\t\t\tO CHOSEN - ERP \u00e9 um conjunto de ferramentas desenvolvidas com tecnologias de \u00faltima gera\u00e7\u00e3o. \nFerramentas epecialistas em legisla\u00e7\u00e3o, pr\u00e1ticas comerciais, fiscais e financeiras para melhor  atender as principais necessidades  da administra\u00e7\u00e3o de empresas: <br>\n\nFerramentas que oferecem:<br>\n\n- Qualidade e consist\u00eancia das informa\u00e7\u00f5es. <br>\n- Integra\u00e7\u00e3o e flexibilidade de opera\u00e7\u00e3o em n\u00edveis operacional, t\u00e1tico e estrat\u00e9gico.<br>\n- Possibilita tomadas de decis\u00e3o r\u00e1pida, segura e adequada \u00e0 realidade da empresa.\t\t\t\t\t\t\t<\/div>\n\t\t\t\t\t\t\t\t\t\t\t<\/div>\n\t\t\t\t<\/div>\n\t\t\t<\/div>\n\t\t\t<div class=\"elementor-flip-box__layer elementor-flip-box__back\">\n\t\t\t<div class=\"elementor-flip-box__layer__overlay\">\n\t\t\t\t<div class=\"elementor-flip-box__layer__inner\">\n\t\t\t\t\t\t\t\t\t\t\t<h3 class=\"elementor-flip-box__layer__title\">\n\t\t\t\t\t\t\tTecnologia\t\t\t\t\t\t<\/h3>\n\t\t\t\t\t\n\t\t\t\t\t\n\t\t\t\t\t\t\t\t<\/div>\n\t\t<\/div>\n\t\t<\/div>\n\t\t<\/div>\n\t\t\t\t<\/div>\n\t\t\t\t<\/div>\n\t\t\t\t\t<\/div>\n\t\t<\/div>\n\t\t\t\t<div class=\"elementor-column elementor-col-33 elementor-top-column elementor-element elementor-element-428d0a09\" data-id=\"428d0a09\" data-element_type=\"column\">\n\t\t\t<div class=\"elementor-widget-wrap elementor-element-populated\">\n\t\t\t\t\t\t\t\t<div class=\"elementor-element elementor-element-2341f8f2 elementor-flip-box--direction-down elementor-flip-box--3d elementor-flip-box--effect-flip elementor-widget elementor-widget-flip-box\" data-id=\"2341f8f2\" data-element_type=\"widget\" data-widget_type=\"flip-box.default\">\n\t\t\t\t<div class=\"elementor-widget-container\">\n\t\t\t\t\t<div class=\"elementor-flip-box\">\n\t\t\t<div class=\"elementor-flip-box__layer elementor-flip-box__front\">\n\t\t\t\t<div class=\"elementor-flip-box__layer__overlay\">\n\t\t\t\t\t<div class=\"elementor-flip-box__layer__inner\">\n\t\t\t\t\t\t\n\t\t\t\t\t\t\t\t\t\t\t\t\t<h3 class=\"elementor-flip-box__layer__title\">\n\t\t\t\t\t\t\t\tDestaques\t\t\t\t\t\t\t<\/h3>\n\t\t\t\t\t\t\n\t\t\t\t\t\t\t\t\t\t\t\t\t<div class=\"elementor-flip-box__layer__description\">\n\t\t\t\t\t\t\t\t<br>\n- Forma\u00e7\u00e3o de Pre\u00e7o de Venda<br>\n- Controle de Estoque<br>\n- Funil de Vendas & Marketing digital.<br>\n- Sistema de Controle de Servi\u00e7os.<br>\n- Sistema de Gerenciamento de Projetos & equipes<br>\n- Or\u00e7amentos, Pedido & Faturamento.<br>\n- Gerente Financeiro, Contas a Pagar, Receber, Fluxo de Caixa, Livro Caixa, DRE.<br>\n- Sistema para Controle de Despesas - Budget.<br>\n- Sistema de Helpdesk - Ticketing.<br>\n- Sistema de Controle de Frotas, abastecimento, motoristas e multas.\t\t\t\t\t\t\t<\/div>\n\t\t\t\t\t\t\t\t\t\t\t<\/div>\n\t\t\t\t<\/div>\n\t\t\t<\/div>\n\t\t\t<div class=\"elementor-flip-box__layer elementor-flip-box__back\">\n\t\t\t<div class=\"elementor-flip-box__layer__overlay\">\n\t\t\t\t<div class=\"elementor-flip-box__layer__inner\">\n\t\t\t\t\t\t\t\t\t\t\t<h3 class=\"elementor-flip-box__layer__title\">\n\t\t\t\t\t\t\tMy Portfolio\t\t\t\t\t\t<\/h3>\n\t\t\t\t\t\n\t\t\t\t\t\t\t\t\t\t\t<div class=\"elementor-flip-box__layer__description\">\n\t\t\t\t\t\t\t- Pedidos de Compra<br>\n- Configura\u00e7\u00e3o de Or\u00e7amentos<br>\n- Integra\u00e7\u00e3o com Telegram<br>\n- Emiss\u00e3o de NFE, NFse<br>\n- Emiss\u00e3o de Boletos banc\u00e1rios<br>\n- Integra\u00e7\u00e3o com Bancos<br>\n- C\u00e1culo autom\u00e1tico de Impostos<br>\n- Frente de Caixa<br>\n- Previs\u00e3o de cr\u00e9ditos de ICM<br>\n- Hist\u00f3rico de Vendas, curvas ABC de vendas.<br>\n- Sistemas homologados pelo SEFAZ<br>\n- Backups autom\u00e1ticos<br>\n- Previs\u00e3o de caixa<br>\t\t\t\t\t\t<\/div>\n\t\t\t\t\t\n\t\t\t\t\t\t\t\t<\/div>\n\t\t<\/div>\n\t\t<\/div>\n\t\t<\/div>\n\t\t\t\t<\/div>\n\t\t\t\t<\/div>\n\t\t\t\t\t<\/div>\n\t\t<\/div>\n\t\t\t\t\t\t\t<\/div>\n\t\t<\/section>\n\t\t\t\t\t\t<\/div>\n\t\t\t\t\t<\/div>\n\t\t","protected":false},"excerpt":{"rendered":"<p>Sistema Gest\u00e3o Empresarial &#8211; ERP &#8220;O mercado n\u00e3o para de se transformar, para acompanhar sempre essas mudan\u00e7as as empresas s\u00e3o sempre desafiadas a oferecer mais agilidade e efici\u00eancia com melhor custo e benef\u00edcio por isso a Chosen Tecnologia, n\u00e3o para de evoluir e apresenta uma nova vers\u00e3o do ERP que j\u00e1 atendeu muitas empresas durante [&hellip;]<\/p>\n","protected":false},"author":1,"featured_media":0,"parent":0,"menu_order":0,"comment_status":"closed","ping_status":"closed","template":"","meta":{"footnotes":""},"_links":{"self":[{"href":"http:\/\/chosentecnologia.com.br\/chosen\/index.php\/wp-json\/wp\/v2\/pages\/86"}],"collection":[{"href":"http:\/\/chosentecnologia.com.br\/chosen\/index.php\/wp-json\/wp\/v2\/pages"}],"about":[{"href":"http:\/\/chosentecnologia.com.br\/chosen\/index.php\/wp-json\/wp\/v2\/types\/page"}],"author":[{"embeddable":true,"href":"http:\/\/chosentecnologia.com.br\/chosen\/index.php\/wp-json\/wp\/v2\/users\/1"}],"replies":[{"embeddable":true,"href":"http:\/\/chosentecnologia.com.br\/chosen\/index.php\/wp-json\/wp\/v2\/comments?post=86"}],"version-history":[{"count":28,"href":"http:\/\/chosentecnologia.com.br\/chosen\/index.php\/wp-json\/wp\/v2\/pages\/86\/revisions"}],"predecessor-version":[{"id":2114,"href":"http:\/\/chosentecnologia.com.br\/chosen\/index.php\/wp-json\/wp\/v2\/pages\/86\/revisions\/2114"}],"wp:attachment":[{"href":"http:\/\/chosentecnologia.com.br\/chosen\/index.php\/wp-json\/wp\/v2\/media?parent=86"}],"curies":[{"name":"wp","href":"https:\/\/api.w.org\/{rel}","templated":true}]}}